{"id":1231,"date":"2026-02-06T11:14:44","date_gmt":"2026-02-06T11:14:44","guid":{"rendered":"https:\/\/theflamencopitch.com\/?page_id=1231"},"modified":"2026-02-13T12:54:23","modified_gmt":"2026-02-13T12:54:23","slug":"playlist-jerez-efervecente","status":"publish","type":"page","link":"https:\/\/theflamencopitch.com\/en\/playlist-jerez-efervecente\/","title":{"rendered":"Playlist Jerez Efervecente"},"content":{"rendered":"<div data-elementor-type=\"wp-page\" data-elementor-id=\"1231\" class=\"elementor elementor-1231\">\n\t\t\t\t<div class=\"elementor-element elementor-element-55ed101 e-flex e-con-boxed e-con e-parent\" data-id=\"55ed101\" data-element_type=\"container\" data-e-type=\"container\" data-settings=\"{&quot;background_background&quot;:&quot;classic&quot;}\">\n\t\t\t\t\t<div class=\"e-con-inner\">\n\t\t\t\t\t<\/div>\n\t\t\t\t<\/div>\n\t\t<div class=\"elementor-element elementor-element-2355979 e-flex e-con-boxed e-con e-parent\" data-id=\"2355979\" data-element_type=\"container\" data-e-type=\"container\" data-settings=\"{&quot;background_background&quot;:&quot;gradient&quot;}\">\n\t\t\t\t\t<div class=\"e-con-inner\">\n\t\t<div class=\"elementor-element elementor-element-6ad3eba e-con-full e-flex e-con e-child\" data-id=\"6ad3eba\" data-element_type=\"container\" data-e-type=\"container\">\n\t\t<div class=\"elementor-element elementor-element-6fa1604 e-con-full e-flex e-con e-child\" data-id=\"6fa1604\" data-element_type=\"container\" data-e-type=\"container\">\n\t\t<div class=\"elementor-element elementor-element-1623002 e-con-full e-flex e-con e-child\" data-id=\"1623002\" data-element_type=\"container\" data-e-type=\"container\">\n\t\t\t\t<div class=\"elementor-element elementor-element-07abe6f elementor-widget elementor-widget-heading\" data-id=\"07abe6f\" data-element_type=\"widget\" data-e-type=\"widget\" data-widget_type=\"heading.default\">\n\t\t\t\t\t<h2 class=\"elementor-heading-title elementor-size-default\">\u00bfQu\u00e9 te vas a encontrar en la playlist \"Jerez Efervescente\"?<\/h2>\t\t\t\t<\/div>\n\t\t\t\t<div class=\"elementor-element elementor-element-04f6a62 elementor-widget-divider--view-line elementor-widget elementor-widget-divider\" data-id=\"04f6a62\" data-element_type=\"widget\" data-e-type=\"widget\" data-widget_type=\"divider.default\">\n\t\t\t\t\t\t\t<div class=\"elementor-divider\">\n\t\t\t<span class=\"elementor-divider-separator\">\n\t\t\t\t\t\t<\/span>\n\t\t<\/div>\n\t\t\t\t\t\t<\/div>\n\t\t\t\t<\/div>\n\t\t\t\t<\/div>\n\t\t<div class=\"elementor-element elementor-element-c8f1399 e-flex e-con-boxed e-con e-child\" data-id=\"c8f1399\" data-element_type=\"container\" data-e-type=\"container\">\n\t\t\t\t\t<div class=\"e-con-inner\">\n\t\t<div class=\"elementor-element elementor-element-72208d7 e-con-full e-flex e-con e-child\" data-id=\"72208d7\" data-element_type=\"container\" data-e-type=\"container\">\n\t\t\t\t<div class=\"elementor-element elementor-element-812999d elementor-widget elementor-widget-text-editor\" data-id=\"812999d\" data-element_type=\"widget\" data-e-type=\"widget\" data-widget_type=\"text-editor.default\">\n\t\t\t\t\t\t\t\t\t<p data-start=\"2188\" data-end=\"2441\">Un recorrido por la m\u00fasica de Jerez que no se detiene: rock y poes\u00eda, flamenco en evoluci\u00f3n y sonidos que representan lo mejor de la m\u00fasica del Sur.<\/p><p data-start=\"2188\" data-end=\"2441\"><br data-start=\"2336\" data-end=\"2339\" \/>Una mezcla de tradici\u00f3n y vanguardia que muestra c\u00f3mo Jerez sigue siendo epicentro creativo y musical.<\/p><p data-start=\"2188\" data-end=\"2441\">\u00a0<\/p><p data-start=\"2443\" data-end=\"2672\"><strong data-start=\"2443\" data-end=\"2465\">Jerez efervescente<\/strong> es tambi\u00e9n comunidad.<br data-start=\"2487\" data-end=\"2490\" \/>Si creas m\u00fasica y quieres que tu propuesta forme parte de este proyecto colectivo, <strong data-start=\"2573\" data-end=\"2671\">contacta con nosotros y s\u00famate a la playlist que celebra la m\u00fasica del Sur en todas sus formas<\/strong>.<\/p>\t\t\t\t\t\t\t\t<\/div>\n\t\t<div class=\"elementor-element elementor-element-ebc3c3f e-grid e-con-full e-con e-child\" data-id=\"ebc3c3f\" data-element_type=\"container\" data-e-type=\"container\">\n\t\t\t\t<div class=\"elementor-element elementor-element-03d7db9 elementor-widget elementor-widget-button\" data-id=\"03d7db9\" data-element_type=\"widget\" data-e-type=\"widget\" data-widget_type=\"button.default\">\n\t\t\t\t\t\t\t\t\t\t<a class=\"elementor-button elementor-button-link elementor-size-sm\" href=\"https:\/\/theflamencopitch.com\/en\/contacto\/\">\n\t\t\t\t\t\t<span class=\"elementor-button-content-wrapper\">\n\t\t\t\t\t\t\t\t\t<span class=\"elementor-button-text\">\u00a1Ponte en contacto!<\/span>\n\t\t\t\t\t<\/span>\n\t\t\t\t\t<\/a>\n\t\t\t\t\t\t\t\t<\/div>\n\t\t\t\t<div class=\"elementor-element elementor-element-2ed117d elementor-tablet-align-center elementor-mobile-align-left elementor-align-left elementor-widget elementor-widget-button\" data-id=\"2ed117d\" data-element_type=\"widget\" data-e-type=\"widget\" data-widget_type=\"button.default\">\n\t\t\t\t\t\t\t\t\t\t<a class=\"elementor-button elementor-button-link elementor-size-sm\" href=\"https:\/\/open.spotify.com\/playlist\/3xBj2EMKa4XjKnU8D7vtS1\">\n\t\t\t\t\t\t<span class=\"elementor-button-content-wrapper\">\n\t\t\t\t\t\t\t\t\t<span class=\"elementor-button-text\">Esc\u00fachalo<\/span>\n\t\t\t\t\t<\/span>\n\t\t\t\t\t<\/a>\n\t\t\t\t\t\t\t\t<\/div>\n\t\t\t\t<\/div>\n\t\t\t\t<\/div>\n\t\t\t\t\t<\/div>\n\t\t\t\t<\/div>\n\t\t\t\t<\/div>\n\t\t\t\t\t<\/div>\n\t\t\t\t<\/div>\n\t\t<div class=\"elementor-element elementor-element-fb8bd61 e-flex e-con-boxed e-con e-parent\" data-id=\"fb8bd61\" data-element_type=\"container\" data-e-type=\"container\">\n\t\t\t\t\t<div class=\"e-con-inner\">\n\t\t<div class=\"elementor-element elementor-element-f38b945 e-con-full e-flex e-con e-child\" data-id=\"f38b945\" data-element_type=\"container\" data-e-type=\"container\">\n\t\t\t\t<div class=\"elementor-element elementor-element-2cd1c06 elementor-widget elementor-widget-heading\" data-id=\"2cd1c06\" data-element_type=\"widget\" data-e-type=\"widget\" data-widget_type=\"heading.default\">\n\t\t\t\t\t<h4 class=\"elementor-heading-title elementor-size-default\">Otras playlist en The Flamenco Pitch<\/h4>\t\t\t\t<\/div>\n\t\t\t\t<\/div>\n\t\t<div class=\"elementor-element elementor-element-2f98205 e-con-full e-flex e-con e-child\" data-id=\"2f98205\" data-element_type=\"container\" data-e-type=\"container\">\n\t\t<div class=\"elementor-element elementor-element-d008b91 e-con-full e-flex e-con e-child\" data-id=\"d008b91\" data-element_type=\"container\" data-e-type=\"container\">\n\t\t<div class=\"elementor-element elementor-element-9f7d3c0 e-con-full e-flex e-con e-child\" data-id=\"9f7d3c0\" data-element_type=\"container\" data-e-type=\"container\">\n\t\t\t\t<div class=\"elementor-element elementor-element-fd056c2 elementor-widget__width-initial elementor-widget elementor-widget-image\" data-id=\"fd056c2\" data-element_type=\"widget\" data-e-type=\"widget\" data-widget_type=\"image.default\">\n\t\t\t\t\t\t\t\t\t\t\t\t\t\t\t\t<a href=\"https:\/\/theflamencopitch.com\/en\/playlist-tratra\/\">\n\t\t\t\t\t\t\t<img fetchpriority=\"high\" decoding=\"async\" width=\"569\" height=\"371\" src=\"https:\/\/theflamencopitch.com\/wp-content\/uploads\/2026\/01\/playlist-tratra-1.webp\" class=\"attachment-full size-full wp-image-1134\" alt=\"playlist de flamenco: tratra. m\u00fasica flamenca por estilos\" srcset=\"https:\/\/theflamencopitch.com\/wp-content\/uploads\/2026\/01\/playlist-tratra-1.webp 569w, https:\/\/theflamencopitch.com\/wp-content\/uploads\/2026\/01\/playlist-tratra-1-300x196.webp 300w\" sizes=\"(max-width: 569px) 100vw, 569px\" title=\"Playlist Jerez Efervecente\">\t\t\t\t\t\t\t\t<\/a>\n\t\t\t\t\t\t\t\t\t\t\t\t\t\t\t<\/div>\n\t\t\t\t<div class=\"elementor-element elementor-element-d91ad4f elementor-widget elementor-widget-heading\" data-id=\"d91ad4f\" data-element_type=\"widget\" data-e-type=\"widget\" data-widget_type=\"heading.default\">\n\t\t\t\t\t<h4 class=\"elementor-heading-title elementor-size-default\"><a href=\"https:\/\/theflamencopitch.com\/en\/playlist-tratra\/\">Tra tr\u00e1<\/a><\/h4>\t\t\t\t<\/div>\n\t\t\t\t<\/div>\n\t\t<div class=\"elementor-element elementor-element-b38547d e-con-full e-flex e-con e-child\" data-id=\"b38547d\" data-element_type=\"container\" data-e-type=\"container\">\n\t\t\t\t<div class=\"elementor-element elementor-element-0eb5aeb elementor-widget__width-initial elementor-widget elementor-widget-image\" data-id=\"0eb5aeb\" data-element_type=\"widget\" data-e-type=\"widget\" data-widget_type=\"image.default\">\n\t\t\t\t\t\t\t\t\t\t\t\t\t\t\t\t<a href=\"https:\/\/theflamencopitch.com\/en\/playlist-flamencos-para-el-mundo\/\">\n\t\t\t\t\t\t\t<img decoding=\"async\" width=\"569\" height=\"371\" src=\"https:\/\/theflamencopitch.com\/wp-content\/uploads\/2026\/01\/playlist-flamenco-para-el-mundo.webp\" class=\"attachment-full size-full wp-image-1131\" alt=\"playlist flamenco para el mundo, escuchar flamenco online\" srcset=\"https:\/\/theflamencopitch.com\/wp-content\/uploads\/2026\/01\/playlist-flamenco-para-el-mundo.webp 569w, https:\/\/theflamencopitch.com\/wp-content\/uploads\/2026\/01\/playlist-flamenco-para-el-mundo-300x196.webp 300w\" sizes=\"(max-width: 569px) 100vw, 569px\" title=\"Playlist Jerez Efervecente\">\t\t\t\t\t\t\t\t<\/a>\n\t\t\t\t\t\t\t\t\t\t\t\t\t\t\t<\/div>\n\t\t\t\t<div class=\"elementor-element elementor-element-d81bad0 elementor-widget elementor-widget-heading\" data-id=\"d81bad0\" data-element_type=\"widget\" data-e-type=\"widget\" data-widget_type=\"heading.default\">\n\t\t\t\t\t<h4 class=\"elementor-heading-title elementor-size-default\"><a href=\"https:\/\/theflamencopitch.com\/en\/playlist-flamencos-para-el-mundo\/\">Flamencos para el mundo<\/a><\/h4>\t\t\t\t<\/div>\n\t\t\t\t<\/div>\n\t\t<div class=\"elementor-element elementor-element-488844d e-con-full e-flex e-con e-child\" data-id=\"488844d\" data-element_type=\"container\" data-e-type=\"container\">\n\t\t\t\t<div class=\"elementor-element elementor-element-bcbb275 elementor-widget__width-initial elementor-widget elementor-widget-image\" data-id=\"bcbb275\" data-element_type=\"widget\" data-e-type=\"widget\" data-widget_type=\"image.default\">\n\t\t\t\t\t\t\t\t\t\t\t\t\t\t\t\t<a href=\"https:\/\/theflamencopitch.com\/en\/playlist-guitarra-flamenca-de-andalucia\/\">\n\t\t\t\t\t\t\t<img decoding=\"async\" width=\"569\" height=\"371\" src=\"https:\/\/theflamencopitch.com\/wp-content\/uploads\/2026\/01\/playlist-guitarraflamenca.webp\" class=\"attachment-full size-full wp-image-1132\" alt=\"playlist guitarra flamenca. Flamenco tradicional y moderno\" srcset=\"https:\/\/theflamencopitch.com\/wp-content\/uploads\/2026\/01\/playlist-guitarraflamenca.webp 569w, https:\/\/theflamencopitch.com\/wp-content\/uploads\/2026\/01\/playlist-guitarraflamenca-300x196.webp 300w\" sizes=\"(max-width: 569px) 100vw, 569px\" title=\"Playlist Jerez Efervecente\">\t\t\t\t\t\t\t\t<\/a>\n\t\t\t\t\t\t\t\t\t\t\t\t\t\t\t<\/div>\n\t\t\t\t<div class=\"elementor-element elementor-element-33b0157 elementor-widget elementor-widget-heading\" data-id=\"33b0157\" data-element_type=\"widget\" data-e-type=\"widget\" data-widget_type=\"heading.default\">\n\t\t\t\t\t<h4 class=\"elementor-heading-title elementor-size-default\"><a href=\"https:\/\/theflamencopitch.com\/en\/playlist-guitarra-flamenca-de-andalucia\/\">Guitarra flamenca de Andaluc\u00eda<\/a><\/h4>\t\t\t\t<\/div>\n\t\t\t\t<\/div>\n\t\t\t\t<\/div>\n\t\t\t\t<\/div>\n\t\t\t\t\t<\/div>\n\t\t\t\t<\/div>\n\t\t<div class=\"elementor-element elementor-element-2ec4e68 e-flex e-con-boxed e-con e-parent\" data-id=\"2ec4e68\" data-element_type=\"container\" data-e-type=\"container\" data-settings=\"{&quot;background_background&quot;:&quot;classic&quot;}\">\n\t\t\t\t\t<div class=\"e-con-inner\">\n\t\t<div class=\"elementor-element elementor-element-89ce7a9 e-con-full e-flex e-con e-child\" data-id=\"89ce7a9\" data-element_type=\"container\" data-e-type=\"container\">\n\t\t<div class=\"elementor-element elementor-element-daa6be6 e-con-full e-flex e-con e-child\" data-id=\"daa6be6\" data-element_type=\"container\" data-e-type=\"container\">\n\t\t\t\t<div class=\"elementor-element elementor-element-1a1eac5 elementor-widget elementor-widget-heading\" data-id=\"1a1eac5\" data-element_type=\"widget\" data-e-type=\"widget\" data-widget_type=\"heading.default\">\n\t\t\t\t\t<h2 class=\"elementor-heading-title elementor-size-default\">Un proyecto abierto y compartido\n<\/h2>\t\t\t\t<\/div>\n\t\t\t\t<div class=\"elementor-element elementor-element-1174cf4 elementor-widget-divider--view-line elementor-widget elementor-widget-divider\" data-id=\"1174cf4\" data-element_type=\"widget\" data-e-type=\"widget\" data-widget_type=\"divider.default\">\n\t\t\t\t\t\t\t<div class=\"elementor-divider\">\n\t\t\t<span class=\"elementor-divider-separator\">\n\t\t\t\t\t\t<\/span>\n\t\t<\/div>\n\t\t\t\t\t\t<\/div>\n\t\t\t\t<\/div>\n\t\t<div class=\"elementor-element elementor-element-915d4f1 e-con-full e-flex e-con e-child\" data-id=\"915d4f1\" data-element_type=\"container\" data-e-type=\"container\">\n\t\t<div class=\"elementor-element elementor-element-73af403 e-con-full e-flex e-con e-child\" data-id=\"73af403\" data-element_type=\"container\" data-e-type=\"container\">\n\t\t\t\t<div class=\"elementor-element elementor-element-f916abb elementor-widget elementor-widget-text-editor\" data-id=\"f916abb\" data-element_type=\"widget\" data-e-type=\"widget\" data-widget_type=\"text-editor.default\">\n\t\t\t\t\t\t\t\t\t<p data-start=\"2202\" data-end=\"2504\">The Flamenco Pitch crece gracias a la colaboraci\u00f3n con festivales, eventos culturales e iniciativas que entienden el flamenco como una expresi\u00f3n viva. La difusi\u00f3n de playlists permite que el flamenco viaje, se descubra en otros pa\u00edses y conecte con nuevos p\u00fablicos sin perder su identidad.<\/p><p data-start=\"2202\" data-end=\"2504\">\u00a0<\/p><p data-start=\"2506\" data-end=\"2552\">No se trata de centralizar, sino de compartir.<\/p>\t\t\t\t\t\t\t\t<\/div>\n\t\t<div class=\"elementor-element elementor-element-ae7f709 e-con-full e-flex e-con e-child\" data-id=\"ae7f709\" data-element_type=\"container\" data-e-type=\"container\">\n\t\t\t\t<div class=\"elementor-element elementor-element-bce5db5 elementor-align-left elementor-mobile-align-center elementor-widget elementor-widget-button\" data-id=\"bce5db5\" data-element_type=\"widget\" data-e-type=\"widget\" data-widget_type=\"button.default\">\n\t\t\t\t\t\t\t\t\t\t<a class=\"elementor-button elementor-button-link elementor-size-sm\" href=\"https:\/\/theflamencopitch.com\/en\/contacto\/\">\n\t\t\t\t\t\t<span class=\"elementor-button-content-wrapper\">\n\t\t\t\t\t\t\t\t\t<span class=\"elementor-button-text\">contacta para colaborar<\/span>\n\t\t\t\t\t<\/span>\n\t\t\t\t\t<\/a>\n\t\t\t\t\t\t\t\t<\/div>\n\t\t\t\t<\/div>\n\t\t\t\t<\/div>\n\t\t\t\t<\/div>\n\t\t\t\t<\/div>\n\t\t\t\t\t<\/div>\n\t\t\t\t<\/div>\n\t\t\t\t<\/div>","protected":false},"excerpt":{"rendered":"<p>\u00bfQu\u00e9 te vas a encontrar en la playlist \u00abJerez Efervescente\u00bb? Un recorrido por la m\u00fasica de Jerez que no se detiene: rock y poes\u00eda, flamenco en evoluci\u00f3n y sonidos que representan lo mejor de la m\u00fasica del Sur. Una mezcla de tradici\u00f3n y vanguardia que muestra c\u00f3mo Jerez sigue siendo epicentro creativo y musical. \u00a0 [&hellip;]<\/p>\n","protected":false},"author":3,"featured_media":0,"parent":0,"menu_order":0,"comment_status":"closed","ping_status":"closed","template":"","meta":{"site-sidebar-layout":"no-sidebar","site-content-layout":"page-builder","ast-site-content-layout":"full-width-container","site-content-style":"unboxed","site-sidebar-style":"unboxed","ast-global-header-display":"","ast-banner-title-visibility":"","ast-main-header-display":"","ast-hfb-above-header-display":"","ast-hfb-below-header-display":"","ast-hfb-mobile-header-display":"","site-post-title":"disabled","ast-breadcrumbs-content":"disabled","ast-featured-img":"disabled","footer-sml-layout":"","ast-disable-related-posts":"","theme-transparent-header-meta":"enabled","adv-header-id-meta":"","stick-header-meta":"","header-above-stick-meta":"","header-main-stick-meta":"","header-below-stick-meta":"","astra-migrate-meta-layouts":"set","ast-page-background-enabled":"default","ast-page-background-meta":{"desktop":{"background-color":"","background-image":"","background-repeat":"repeat","background-position":"center center","background-size":"auto","background-attachment":"scroll","background-type":"","background-media":"","overlay-type":"","overlay-color":"","overlay-opacity":"","overlay-gradient":""},"tablet":{"background-color":"","background-image":"","background-repeat":"repeat","background-position":"center center","background-size":"auto","background-attachment":"scroll","background-type":"","background-media":"","overlay-type":"","overlay-color":"","overlay-opacity":"","overlay-gradient":""},"mobile":{"background-color":"","background-image":"","background-repeat":"repeat","background-position":"center center","background-size":"auto","background-attachment":"scroll","background-type":"","background-media":"","overlay-type":"","overlay-color":"","overlay-opacity":"","overlay-gradient":""}},"ast-content-background-meta":{"desktop":{"background-color":"var(--ast-global-color-4)","background-image":"","background-repeat":"repeat","background-position":"center center","background-size":"auto","background-attachment":"scroll","background-type":"","background-media":"","overlay-type":"","overlay-color":"","overlay-opacity":"","overlay-gradient":""},"tablet":{"background-color":"var(--ast-global-color-4)","background-image":"","background-repeat":"repeat","background-position":"center center","background-size":"auto","background-attachment":"scroll","background-type":"","background-media":"","overlay-type":"","overlay-color":"","overlay-opacity":"","overlay-gradient":""},"mobile":{"background-color":"var(--ast-global-color-4)","background-image":"","background-repeat":"repeat","background-position":"center center","background-size":"auto","background-attachment":"scroll","background-type":"","background-media":"","overlay-type":"","overlay-color":"","overlay-opacity":"","overlay-gradient":""}},"footnotes":""},"class_list":["post-1231","page","type-page","status-publish","hentry"],"_links":{"self":[{"href":"https:\/\/theflamencopitch.com\/en\/wp-json\/wp\/v2\/pages\/1231","targetHints":{"allow":["GET"]}}],"collection":[{"href":"https:\/\/theflamencopitch.com\/en\/wp-json\/wp\/v2\/pages"}],"about":[{"href":"https:\/\/theflamencopitch.com\/en\/wp-json\/wp\/v2\/types\/page"}],"author":[{"embeddable":true,"href":"https:\/\/theflamencopitch.com\/en\/wp-json\/wp\/v2\/users\/3"}],"replies":[{"embeddable":true,"href":"https:\/\/theflamencopitch.com\/en\/wp-json\/wp\/v2\/comments?post=1231"}],"version-history":[{"count":20,"href":"https:\/\/theflamencopitch.com\/en\/wp-json\/wp\/v2\/pages\/1231\/revisions"}],"predecessor-version":[{"id":1412,"href":"https:\/\/theflamencopitch.com\/en\/wp-json\/wp\/v2\/pages\/1231\/revisions\/1412"}],"wp:attachment":[{"href":"https:\/\/theflamencopitch.com\/en\/wp-json\/wp\/v2\/media?parent=1231"}],"curies":[{"name":"wp","href":"https:\/\/api.w.org\/{rel}","templated":true}]}}